{"id":70,"date":"2025-04-16T13:14:00","date_gmt":"2025-04-16T10:14:00","guid":{"rendered":"http:\/\/demo.safirtema.com\/denge\/?page_id=70"},"modified":"2025-12-02T22:32:46","modified_gmt":"2025-12-02T19:32:46","slug":"hakkimizda","status":"publish","type":"page","link":"http:\/\/akreklam.com\/index.php\/hakkimizda\/","title":{"rendered":"Hakk\u0131m\u0131zda"},"content":{"rendered":"<p><img loading=\"lazy\" decoding=\"async\" class=\"alignnone wp-image-399\" src=\"http:\/\/akreklam.com\/wp-content\/uploads\/2025\/11\/ak1-300x139.jpg\" alt=\"\" width=\"770\" height=\"357\" srcset=\"http:\/\/akreklam.com\/wp-content\/uploads\/2025\/11\/ak1-300x139.jpg 300w, http:\/\/akreklam.com\/wp-content\/uploads\/2025\/11\/ak1-768x356.jpg 768w, http:\/\/akreklam.com\/wp-content\/uploads\/2025\/11\/ak1.jpg 962w\" sizes=\"auto, (max-width: 770px) 100vw, 770px\" \/><\/p>\n<p>Ak Reklam olarak gen\u00e7 ve dinamik uzman kadromuz, sekt\u00f6rde uzun y\u0131llarca hizmet vermi\u015f p\u00f6rtf\u00f6y\u00fcm\u00fcz ile sizlere <strong>A\u00e7\u0131k Hava Reklamc\u0131l\u0131k<\/strong> alan\u0131nda marka veya kurumunuza Reklam alan\u0131nda yeni bir boyut katarak sizleri fark edilir k\u0131l\u0131yoruz.<\/p>\n<p>Modern \u00fcretim y\u00f6ntemleri, nitelikli, \u00e7al\u0131\u015fkan insan g\u00fcc\u00fc ve yenilik\u00e7i bak\u0131\u015f a\u00e7\u0131s\u0131yla bug\u00fcn <strong>T\u00fcrkiye\u2019nin her yerine<\/strong> hizmet g\u00f6t\u00fcren <strong>\u00a0Ak Reklam<\/strong>; i\u015f ortaklar\u0131n\u0131n fikir, tasar\u0131m, \u00fcretim, uygulama ve m\u00fchendislik gibi her t\u00fcrl\u00fc kurumsal ihtiya\u00e7lar\u0131na \u00e7\u00f6z\u00fcm \u00fcretebilmektedir.<\/p>\n<p>\u00c7al\u0131\u015fma prensibimiz, do\u011fru \u00e7\u00f6z\u00fcmleri do\u011fru \u015fekilde ve zamanda hayata ge\u00e7irmek ve bu do\u011frultuda dinamik ve \u00fcretken bir yap\u0131y\u0131 sa\u011flamak ve korumakt\u0131r. Bu \u00e7er\u00e7evede, dinamik, canl\u0131 ve \u00fcretken kimli\u011fimizi <strong>profesyonel ve metodik bir \u00e7al\u0131\u015fma<\/strong> d\u00fczeninde hizmetinize sunmaktay\u0131z.<\/p>\n<p><strong>Temel Hedefimiz M\u00fc\u015fteri memnuniyeti;<\/strong><\/p>\n<p>M\u00fc\u015fterinin yan\u0131nda olmak, en iyi hizmeti vermek, onunla beraber i\u015fi sahiplenmek ve do\u011fru projeyi olu\u015fturarak reklam ihtiyac\u0131n\u0131 do\u011fru belirleyip en <strong>uygun \u00e7\u00f6z\u00fcm\u00fc sunmak.<\/strong><\/p>\n\n\n<p><\/p>\n","protected":false},"excerpt":{"rendered":"<p>Ak Reklam olarak gen\u00e7 ve dinamik uzman kadromuz, sekt\u00f6rde uzun y\u0131llarca hizmet vermi\u015f p\u00f6rtf\u00f6y\u00fcm\u00fcz ile sizlere A\u00e7\u0131k Hava Reklamc\u0131l\u0131k alan\u0131nda marka veya kurumunuza Reklam alan\u0131nda yeni bir boyut katarak sizleri fark edilir k\u0131l\u0131yoruz. Modern \u00fcretim y\u00f6ntemleri, nitelikli, \u00e7al\u0131\u015fkan insan g\u00fcc\u00fc ve yenilik\u00e7i bak\u0131\u015f a\u00e7\u0131s\u0131yla bug\u00fcn T\u00fcrkiye\u2019nin her yerine hizmet g\u00f6t\u00fcren \u00a0Ak Reklam; i\u015f ortaklar\u0131n\u0131n fikir, [&hellip;]<\/p>\n","protected":false},"author":1,"featured_media":399,"parent":0,"menu_order":0,"comment_status":"closed","ping_status":"closed","template":"","meta":{"footnotes":""},"class_list":["post-70","page","type-page","status-publish","has-post-thumbnail","hentry"],"_links":{"self":[{"href":"http:\/\/akreklam.com\/index.php\/wp-json\/wp\/v2\/pages\/70","targetHints":{"allow":["GET"]}}],"collection":[{"href":"http:\/\/akreklam.com\/index.php\/wp-json\/wp\/v2\/pages"}],"about":[{"href":"http:\/\/akreklam.com\/index.php\/wp-json\/wp\/v2\/types\/page"}],"author":[{"embeddable":true,"href":"http:\/\/akreklam.com\/index.php\/wp-json\/wp\/v2\/users\/1"}],"replies":[{"embeddable":true,"href":"http:\/\/akreklam.com\/index.php\/wp-json\/wp\/v2\/comments?post=70"}],"version-history":[{"count":15,"href":"http:\/\/akreklam.com\/index.php\/wp-json\/wp\/v2\/pages\/70\/revisions"}],"predecessor-version":[{"id":473,"href":"http:\/\/akreklam.com\/index.php\/wp-json\/wp\/v2\/pages\/70\/revisions\/473"}],"wp:featuredmedia":[{"embeddable":true,"href":"http:\/\/akreklam.com\/index.php\/wp-json\/wp\/v2\/media\/399"}],"wp:attachment":[{"href":"http:\/\/akreklam.com\/index.php\/wp-json\/wp\/v2\/media?parent=70"}],"curies":[{"name":"wp","href":"https:\/\/api.w.org\/{rel}","templated":true}]}}