{"id":446,"date":"2025-11-27T21:30:20","date_gmt":"2025-11-27T18:30:20","guid":{"rendered":"https:\/\/akreklam.com\/?page_id=446"},"modified":"2026-01-18T23:21:58","modified_gmt":"2026-01-18T20:21:58","slug":"avm-stand","status":"publish","type":"page","link":"http:\/\/akreklam.com\/index.php\/avm-stand\/","title":{"rendered":"Avm Stand"},"content":{"rendered":"\n<figure class=\"wp-block-image size-full\"><img loading=\"lazy\" decoding=\"async\" width=\"916\" height=\"515\" src=\"https:\/\/akreklam.com\/wp-content\/uploads\/2026\/01\/avm_stand.jpg\" alt=\"\" class=\"wp-image-554\" srcset=\"http:\/\/akreklam.com\/wp-content\/uploads\/2026\/01\/avm_stand.jpg 916w, http:\/\/akreklam.com\/wp-content\/uploads\/2026\/01\/avm_stand-300x169.jpg 300w, http:\/\/akreklam.com\/wp-content\/uploads\/2026\/01\/avm_stand-768x432.jpg 768w\" sizes=\"auto, (max-width: 916px) 100vw, 916px\" \/><\/figure>\n\n\n<div class=\"wp-block-image\">\n<figure class=\"alignleft size-full\"><img loading=\"lazy\" decoding=\"async\" width=\"318\" height=\"371\" src=\"https:\/\/akreklam.com\/wp-content\/uploads\/2026\/01\/avm_stand_1.jpg\" alt=\"\" class=\"wp-image-556\" title=\"Avm Stand 10\" srcset=\"http:\/\/akreklam.com\/wp-content\/uploads\/2026\/01\/avm_stand_1.jpg 318w, http:\/\/akreklam.com\/wp-content\/uploads\/2026\/01\/avm_stand_1-257x300.jpg 257w\" sizes=\"auto, (max-width: 318px) 100vw, 318px\" \/><\/figure><\/div>\n\n\n<p>Avm stand; al\u0131\u015fveri\u015f merkezlerinde insanlara yeni \u00fcr\u00fcnleri tan\u0131tmak i\u00e7in tercih edilen ve \u00fcr\u00fcnlerin pazarlanmas\u0131yla da gelir elde etme imkan\u0131 sunan bir stand \u00e7e\u015fididir.<\/p>\n\n\n\n<p>\u0130\u00e7erik ba\u015fl\u0131klar\u0131n\u0131 buradan kolayca inceleyiniz.<\/p>\n\n\n\n<ul class=\"wp-block-list\">\n<li><a href=\"https:\/\/www.powerreklam.com\/avm-stand\/#Avm_Stand_Cesitleri_Nelerdir\">Avm Stand \u00c7e\u015fitleri Nelerdir?<\/a><\/li>\n\n\n\n<li><a href=\"https:\/\/www.powerreklam.com\/avm-stand\/#Avm_Stand_Fiyatlari\">Avm Stand Fiyatlar\u0131<\/a>\n<ul class=\"wp-block-list\">\n<li><a href=\"https:\/\/www.powerreklam.com\/avm-stand\/#Avm_Stand_Modelleri\">Avm Stand Modelleri<\/a><\/li>\n<\/ul>\n<\/li>\n<\/ul>\n\n\n\n<h2 class=\"wp-block-heading\"><strong>Avm Stand \u00c7e\u015fitleri Nelerdir?<\/strong><\/h2>\n\n\n\n<p>Avm standlar, \u00fcr\u00fcnlerin pazarland\u0131\u011f\u0131 bir b\u00f6lme olmas\u0131 y\u00f6n\u00fcyle ki\u015filerin ilgisini \u00e7ekebilecek \u015fekilde tasarlanmal\u0131d\u0131r. Gerek renk uyumu gerekse do\u011fru tasar\u0131mla haz\u0131rlanan standlar, m\u00fc\u015fterilerin dikkatini \u00e7ekmeyi ba\u015faracak ve daha fazla sat\u0131\u015f yap\u0131lmas\u0131na yard\u0131mc\u0131 olacakt\u0131r. Avm\u2019de bulunan standlar, kare ya da dikd\u00f6rtgen gibi farkl\u0131 \u00e7e\u015fitlerden olu\u015fmaktad\u0131r. Firmalar\u0131n taleplerine g\u00f6re tasarlanan stand projeleri, firmam\u0131z taraf\u0131ndan kusursuz bir \u015fekilde yap\u0131lmakta, istenen tasar\u0131m ve boyut standartlara uygulanmaktad\u0131r.<\/p>\n\n\n\n<div class=\"wp-block-group is-layout-grid wp-container-core-group-is-layout-6be84c55 wp-block-group-is-layout-grid\">\n<figure class=\"wp-block-image size-full is-style-default\"><a href=\"https:\/\/akreklam.com\/index.php\/avm-stand\/avm-standi-konsept-secimi\/\"><img loading=\"lazy\" decoding=\"async\" width=\"900\" height=\"550\" src=\"http:\/\/akreklam.com\/wp-content\/uploads\/2026\/01\/avm-standi-konsept-secimi.webp\" alt=\"\" class=\"wp-image-547\" style=\"aspect-ratio:1;object-fit:cover\" srcset=\"http:\/\/akreklam.com\/wp-content\/uploads\/2026\/01\/avm-standi-konsept-secimi.webp 900w, http:\/\/akreklam.com\/wp-content\/uploads\/2026\/01\/avm-standi-konsept-secimi-300x183.webp 300w, http:\/\/akreklam.com\/wp-content\/uploads\/2026\/01\/avm-standi-konsept-secimi-768x469.webp 768w\" sizes=\"auto, (max-width: 900px) 100vw, 900px\" \/><\/a><\/figure>\n\n\n\n<figure class=\"wp-block-image size-full is-style-default wp-container-content-2155ee95\"><a href=\"https:\/\/akreklam.com\/index.php\/avm-stand\/avm-standi-konsept-secimi-2\/\"><img loading=\"lazy\" decoding=\"async\" width=\"900\" height=\"550\" src=\"https:\/\/akreklam.com\/wp-content\/uploads\/2026\/01\/avm-standi-konsept-secimi-1.webp\" alt=\"\" class=\"wp-image-548\" style=\"aspect-ratio:1;object-fit:cover\" title=\"Avm Stand 1\" srcset=\"http:\/\/akreklam.com\/wp-content\/uploads\/2026\/01\/avm-standi-konsept-secimi-1.webp 900w, http:\/\/akreklam.com\/wp-content\/uploads\/2026\/01\/avm-standi-konsept-secimi-1-300x183.webp 300w, http:\/\/akreklam.com\/wp-content\/uploads\/2026\/01\/avm-standi-konsept-secimi-1-768x469.webp 768w\" sizes=\"auto, (max-width: 900px) 100vw, 900px\" \/><\/a><\/figure>\n\n\n\n<figure class=\"wp-block-image size-full is-style-default\"><a href=\"https:\/\/akreklam.com\/index.php\/avm-stand\/avm-standi-konsept-secimi-3\/\"><img loading=\"lazy\" decoding=\"async\" width=\"900\" height=\"550\" src=\"https:\/\/akreklam.com\/wp-content\/uploads\/2026\/01\/avm-standi-konsept-secimi-2.webp\" alt=\"\" class=\"wp-image-549\" style=\"aspect-ratio:1;object-fit:cover\" title=\"Avm Stand 1\" srcset=\"http:\/\/akreklam.com\/wp-content\/uploads\/2026\/01\/avm-standi-konsept-secimi-2.webp 900w, http:\/\/akreklam.com\/wp-content\/uploads\/2026\/01\/avm-standi-konsept-secimi-2-300x183.webp 300w, http:\/\/akreklam.com\/wp-content\/uploads\/2026\/01\/avm-standi-konsept-secimi-2-768x469.webp 768w\" sizes=\"auto, (max-width: 900px) 100vw, 900px\" \/><\/a><\/figure>\n<\/div>\n\n\n\n<p>Avm stand a\u00e7mak isteyen ki\u015filer, pazarlayacaklar\u0131 \u00fcr\u00fcnleri de g\u00f6z \u00f6n\u00fcnde bulundurarak nas\u0131l bir tasar\u0131m istediklerine karar vermelidir. M\u00fc\u015fterilerinin istekleri do\u011frultusunda, hayallerine en yak\u0131n stand\u0131 \u00fcreten firmam\u0131z, m\u00fc\u015fteri memnuniyetini her \u015feyden \u00fcst\u00fcn tutmaktad\u0131r. Al\u0131\u015fveri\u015f merkezleri insan kalabal\u0131\u011f\u0131n\u0131n yo\u011fun oldu\u011fu alanlar olduklar\u0131 i\u00e7in daha fazla ki\u015finin dikkatini \u00e7ekmek ve daha fazla sat\u0131\u015f yapmak y\u00f6n\u00fcnden de b\u00fcy\u00fck avantaj sunar. Pazarlanacak olan \u00fcr\u00fcnler geni\u015f bir kitleye hitap ediyorsa, m\u00fc\u015fterinin ilgisini \u00e7ekmek tahmin edildi\u011finden daha da kolay olmaktad\u0131r.<\/p>\n\n\n\n<h2 class=\"wp-block-heading\"><strong>Avm Stand Fiyatlar\u0131<\/strong><\/h2>\n\n\n\n<p>Pazarlama alan\u0131nda ba\u015far\u0131l\u0131 sonu\u00e7lar elde etmek isteyenler, stand fiyatlar\u0131 hakk\u0131nda da bilgi edinmek istemektedir. Bir marka, al\u0131\u015fveri\u015f merkezinde stand kurmaya karar verdi\u011finde \u00f6ncelikle stand\u0131n maliyetinin ne kadar oldu\u011funu ara\u015ft\u0131rmaktad\u0131r. Stand fiyatlar\u0131, tercih edilecek stand\u0131n boyutlar\u0131na g\u00f6re de\u011fi\u015fiklik g\u00f6stermektedir. Fakat stand fiyatlar\u0131n\u0131n firmalar\u0131n b\u00fct\u00e7elerini sarsacak ya da kazan\u00e7 de\u011ferlerini d\u00fc\u015f\u00fcrecek kadar maliyetli olmad\u0131\u011f\u0131 bilinmelidir. <a href=\"https:\/\/www.powerreklam.com\">Ak Reklam<\/a>, her alanda organizasyona ve b\u00fct\u00e7eye g\u00f6re istenen tasar\u0131ma sahip stand \u00fcretimini alan\u0131nda uzman ekibiyle birlikte ger\u00e7ekle\u015ftirmektedir.<\/p>\n\n\n\n<p>\u0130nsanlar\u0131n pek \u00e7ok ihtiyac\u0131n\u0131 kar\u015f\u0131lad\u0131\u011f\u0131 ve bir ya\u015fam bi\u00e7imi haline gelen al\u0131\u015fveri\u015f merkezleri; markan\u0131z\u0131, \u00fcr\u00fcnlerinizi ve kalitenizi insanlara tan\u0131tmak i\u00e7in tercih edebilece\u011finiz en ideal alanlard\u0131r. Her b\u00fct\u00e7eye uygun ve yer alaca\u011f\u0131n\u0131z avm konseptine uyumlu olacak \u015fekilde tasarlanan standlar, markan\u0131za yeni bir g\u00f6r\u00fcn\u00fcm kazand\u0131rarak insanlar\u0131n dikkatini \u00e7ekmeyi ba\u015faracakt\u0131r. Kaliteden \u00f6d\u00fcn vermeyip, m\u00fc\u015fteri memnuniyetini her \u015feyden \u00fcst\u00fcn tutan firmam\u0131z&nbsp; stand tasar\u0131mlar\u0131nda da \u00f6nc\u00fc olmay\u0131 hedeflemektedir.<\/p>\n\n\n\n<p>Stand tasar\u0131m ve uygulama alan\u0131nda uzun y\u0131llar tecr\u00fcbe edinmi\u015f firmam\u0131z sizlerin kurumsal kimli\u011finize uygun stand modelleri \u00fcretimi yapmaktad\u0131r. Bizlere 0530 132 74 77 veya info@akreklam.com \u00fczerinden ula\u015fabilirsiniz. %100 memnuniyet garantili stand tasar\u0131m ve uygulamalar\u0131.<\/p>\n\n\n\n<h3 class=\"wp-block-heading\">Avm Stand Modelleri<\/h3>\n\n\n\n<p>AVM stand modelleri, al\u0131\u015fveri\u015f merkezlerinde firmalar\u0131n \u00fcr\u00fcnlerini sergilemek i\u00e7in kulland\u0131klar\u0131 stand ve kiosk gibi \u00fcr\u00fcnlerdir. Stand modelleri, genellikle PVC, ah\u015fap, metal ve cam gibi malzemelerden tasarlanabilir ve genellikle LED \u0131\u015f\u0131kland\u0131rmalar ve dijital ekranlar kullan\u0131larak daha \u00e7ekici hale getirilir. AVM Kioks modelleri, farkl\u0131 boyut ve \u015fekillerde tasarlanarak firmalar\u0131n ihtiya\u00e7lar\u0131na g\u00f6re \u00f6zelle\u015ftirilebilir.<\/p>\n\n\n\n<p>Stand modellerine \u00f6rnek olarak, ah\u015fap standlar, metal (al\u00fcminyum) giydirme standlar, demir kiosk standlar gibi \u00e7e\u015fitli modeller say\u0131labilir. Tabela firmalar\u0131, m\u00fc\u015fterilerin isteklerine g\u00f6re benzersiz stand tasar\u0131mlar\u0131 yapabilirler. AVM stand modelleri, al\u0131\u015fveri\u015f merkezlerindeki firmalar\u0131n \u00fcr\u00fcnlerini sergilemek i\u00e7in kullan\u0131lan stand ve kiosk gibi \u00fcr\u00fcnlerdir. Bu stand modelleri, \u00e7e\u015fitli malzemelerden yap\u0131labilmektedir ve genellikle firma logosu ve \u00fcr\u00fcnlerin g\u00f6rselleriyle s\u00fcslenir.&nbsp; Stand modelleri aras\u0131nda kutu harf standlar, ara giydirme standlar, kiosk standlar ve \u00f6zelle\u015ftirilebilir standlar gibi \u00e7e\u015fitli se\u00e7enekler bulunmaktad\u0131r. \u0130htiya\u00e7lara ve tercihlere g\u00f6re tasarlanabilen AVM stand modelleri, firmalar\u0131n \u00fcr\u00fcnlerini daha etkileyici bir \u015fekilde sergilemelerine yard\u0131mc\u0131 olur. Ak Reklam olarak m\u00fc\u015fterilerin isteklerine g\u00f6re \u00f6zelle\u015ftirilmi\u015f AVM stand modeli \u00fcretimi yap\u0131yoruz.<\/p>\n","protected":false},"excerpt":{"rendered":"<p>Avm stand; al\u0131\u015fveri\u015f merkezlerinde insanlara yeni \u00fcr\u00fcnleri tan\u0131tmak i\u00e7in tercih edilen ve \u00fcr\u00fcnlerin pazarlanmas\u0131yla da gelir elde etme imkan\u0131 sunan bir stand \u00e7e\u015fididir. \u0130\u00e7erik ba\u015fl\u0131klar\u0131n\u0131 buradan kolayca inceleyiniz. Avm Stand \u00c7e\u015fitleri Nelerdir? Avm standlar, \u00fcr\u00fcnlerin pazarland\u0131\u011f\u0131 bir b\u00f6lme olmas\u0131 y\u00f6n\u00fcyle ki\u015filerin ilgisini \u00e7ekebilecek \u015fekilde tasarlanmal\u0131d\u0131r. Gerek renk uyumu gerekse do\u011fru tasar\u0131mla haz\u0131rlanan standlar, m\u00fc\u015fterilerin dikkatini [&hellip;]<\/p>\n","protected":false},"author":1,"featured_media":0,"parent":0,"menu_order":0,"comment_status":"closed","ping_status":"closed","template":"","meta":{"footnotes":""},"class_list":["post-446","page","type-page","status-publish","hentry"],"_links":{"self":[{"href":"http:\/\/akreklam.com\/index.php\/wp-json\/wp\/v2\/pages\/446","targetHints":{"allow":["GET"]}}],"collection":[{"href":"http:\/\/akreklam.com\/index.php\/wp-json\/wp\/v2\/pages"}],"about":[{"href":"http:\/\/akreklam.com\/index.php\/wp-json\/wp\/v2\/types\/page"}],"author":[{"embeddable":true,"href":"http:\/\/akreklam.com\/index.php\/wp-json\/wp\/v2\/users\/1"}],"replies":[{"embeddable":true,"href":"http:\/\/akreklam.com\/index.php\/wp-json\/wp\/v2\/comments?post=446"}],"version-history":[{"count":16,"href":"http:\/\/akreklam.com\/index.php\/wp-json\/wp\/v2\/pages\/446\/revisions"}],"predecessor-version":[{"id":609,"href":"http:\/\/akreklam.com\/index.php\/wp-json\/wp\/v2\/pages\/446\/revisions\/609"}],"wp:attachment":[{"href":"http:\/\/akreklam.com\/index.php\/wp-json\/wp\/v2\/media?parent=446"}],"curies":[{"name":"wp","href":"https:\/\/api.w.org\/{rel}","templated":true}]}}