{"id":441,"date":"2025-11-27T21:29:34","date_gmt":"2025-11-27T18:29:34","guid":{"rendered":"https:\/\/akreklam.com\/?page_id=441"},"modified":"2026-01-17T01:13:35","modified_gmt":"2026-01-16T22:13:35","slug":"neon-tabela","status":"publish","type":"page","link":"http:\/\/akreklam.com\/index.php\/neon-tabela\/","title":{"rendered":"Neon Tabela"},"content":{"rendered":"\n<figure class=\"wp-block-image size-full\"><img loading=\"lazy\" decoding=\"async\" width=\"920\" height=\"516\" src=\"https:\/\/akreklam.com\/wp-content\/uploads\/2026\/01\/neon.jpg\" alt=\"\" class=\"wp-image-563\" srcset=\"http:\/\/akreklam.com\/wp-content\/uploads\/2026\/01\/neon.jpg 920w, http:\/\/akreklam.com\/wp-content\/uploads\/2026\/01\/neon-300x168.jpg 300w, http:\/\/akreklam.com\/wp-content\/uploads\/2026\/01\/neon-768x431.jpg 768w\" sizes=\"auto, (max-width: 920px) 100vw, 920px\" \/><\/figure>\n\n\n\n<p><strong>Neon tabela<\/strong>\u00a0tasar\u0131m\u0131, etkileyici duru\u015f i\u00e7in \u00f6zenli bir \u00e7al\u0131\u015fma gerektirmektedir. <strong>Neon tabela <\/strong>Ustalar\u0131n hayallerini ger\u00e7ekle\u015ftirebilmesi i\u00e7in \u00f6zel ve kaliteli \u00fcr\u00fcn kullan\u0131m\u0131na odaklan\u0131l\u0131r.<\/p>\n\n\n\n<figure class=\"wp-block-image\"><img decoding=\"async\" src=\"https:\/\/www.powerreklam.com\/wp-content\/uploads\/2019\/04\/paslanmaz-harf-modelleri.jpg.webp\" alt=\"paslanmaz tabela\" class=\"wp-image-473\" title=\"Paslanmaz Tabela 1\"\/><figcaption class=\"wp-element-caption\">Paslanmaz Harf Modelleri<\/figcaption><\/figure>\n\n\n\n<p>\u0130\u00e7erik ba\u015fl\u0131klar\u0131n\u0131 buradan kolayca inceleyiniz.<\/p>\n\n\n\n<ul class=\"wp-block-list\">\n<li><a href=\"https:\/\/www.powerreklam.com\/paslanmaz-tabela\/#Paslanmaz_Krom_Tabela_Nedir\">Paslanmaz Krom Tabela Nedir?<\/a><\/li>\n\n\n\n<li><a href=\"https:\/\/www.powerreklam.com\/paslanmaz-tabela\/#Paslanmaz_Tabela_Ozellikleri\">Paslanmaz Tabela \u00d6zellikleri<\/a>\n<ul class=\"wp-block-list\">\n<li><a href=\"https:\/\/www.powerreklam.com\/paslanmaz-tabela\/#Paslanmaz_Krom_Tabela_Fiyatlari\">Paslanmaz Krom Tabela Fiyatlar\u0131\u00a0<\/a><\/li>\n<\/ul>\n<\/li>\n<\/ul>\n\n\n\n<h2 class=\"wp-block-heading\">Paslanmaz Krom Tabela Nedir?<\/h2>\n\n\n\n<p>Bilinirli\u011fini art\u0131rmak isteyen pek \u00e7ok firma, markas\u0131n\u0131n daha dikkat \u00e7ekici olmas\u0131 i\u00e7in tabelalar\u0131 tercih etmektedir. G\u00fcn\u00fcm\u00fczde sa\u011flam olu\u015fu ve modern g\u00f6r\u00fcn\u00fc\u015f\u00fcyle albenisini art\u0131ran paslanmaz model krom, uzun y\u0131llar markalar\u0131 en iyi \u015fekilde temsil etmektedir. <\/p>\n\n\n\n<h2 class=\"wp-block-heading\">Paslanmaz Tabela \u00d6zellikleri<\/h2>\n\n\n\n<ul class=\"wp-block-list\">\n<li>304 paslanmaz kromdan olu\u015fmaktad\u0131r.<\/li>\n\n\n\n<li>Y\u00fczeyi aynams\u0131 bir g\u00f6r\u00fcn\u00fc\u015fe sahiptir.<\/li>\n\n\n\n<li>D\u0131\u015f mekanda kullan\u0131ma uygundur. (kar, ya\u011fmu\u015f ve g\u00fcne\u015f etkilenmez)<\/li>\n\n\n\n<li>Modern bir g\u00f6r\u00fcn\u00fcm sa\u011flar<\/li>\n\n\n\n<li>Kabartma harf olarak lazer punto ile kayna\u011f\u0131 kolayca yap\u0131l\u0131r.<\/li>\n\n\n\n<li>Uzun s\u00fcre kullan\u0131m sa\u011flar.<\/li>\n<\/ul>\n\n\n\n<figure class=\"wp-block-gallery has-nested-images columns-default is-cropped wp-block-gallery-1 is-layout-flex wp-block-gallery-is-layout-flex\">\n<figure data-wp-context=\"{&quot;imageId&quot;:&quot;69f9a861d6b45&quot;}\" data-wp-interactive=\"core\/image\" class=\"wp-block-image size-full wp-lightbox-container\"><img loading=\"lazy\" decoding=\"async\" width=\"720\" height=\"695\" data-wp-class--hide=\"state.isContentHidden\" data-wp-class--show=\"state.isContentVisible\" data-wp-init=\"callbacks.setButtonStyles\" data-wp-on-async--click=\"actions.showLightbox\" data-wp-on-async--load=\"callbacks.setButtonStyles\" data-wp-on-async-window--resize=\"callbacks.setButtonStyles\" data-id=\"570\" src=\"http:\/\/akreklam.com\/wp-content\/uploads\/2026\/01\/bufe_neon_tabela-3-1.webp\" alt=\"\" class=\"wp-image-570\" title=\"Paslanmaz Tabela 8\" srcset=\"http:\/\/akreklam.com\/wp-content\/uploads\/2026\/01\/bufe_neon_tabela-3-1.webp 720w, http:\/\/akreklam.com\/wp-content\/uploads\/2026\/01\/bufe_neon_tabela-3-1-300x290.webp 300w\" sizes=\"auto, (max-width: 720px) 100vw, 720px\" \/><button\n\t\t\tclass=\"lightbox-trigger\"\n\t\t\ttype=\"button\"\n\t\t\taria-haspopup=\"dialog\"\n\t\t\taria-label=\"B\u00fcy\u00fct\"\n\t\t\tdata-wp-init=\"callbacks.initTriggerButton\"\n\t\t\tdata-wp-on-async--click=\"actions.showLightbox\"\n\t\t\tdata-wp-style--right=\"state.imageButtonRight\"\n\t\t\tdata-wp-style--top=\"state.imageButtonTop\"\n\t\t>\n\t\t\t<svg xmlns=\"http:\/\/www.w3.org\/2000\/svg\" width=\"12\" height=\"12\" fill=\"none\" viewBox=\"0 0 12 12\">\n\t\t\t\t<path fill=\"#fff\" d=\"M2 0a2 2 0 0 0-2 2v2h1.5V2a.5.5 0 0 1 .5-.5h2V0H2Zm2 10.5H2a.5.5 0 0 1-.5-.5V8H0v2a2 2 0 0 0 2 2h2v-1.5ZM8 12v-1.5h2a.5.5 0 0 0 .5-.5V8H12v2a2 2 0 0 1-2 2H8Zm2-12a2 2 0 0 1 2 2v2h-1.5V2a.5.5 0 0 0-.5-.5H8V0h2Z\" \/>\n\t\t\t<\/svg>\n\t\t<\/button><\/figure>\n\n\n\n<figure data-wp-context=\"{&quot;imageId&quot;:&quot;69f9a861d6f9a&quot;}\" data-wp-interactive=\"core\/image\" class=\"wp-block-image size-full wp-lightbox-container\"><img loading=\"lazy\" decoding=\"async\" width=\"720\" height=\"694\" data-wp-class--hide=\"state.isContentHidden\" data-wp-class--show=\"state.isContentVisible\" data-wp-init=\"callbacks.setButtonStyles\" data-wp-on-async--click=\"actions.showLightbox\" data-wp-on-async--load=\"callbacks.setButtonStyles\" data-wp-on-async-window--resize=\"callbacks.setButtonStyles\" data-id=\"569\" src=\"http:\/\/akreklam.com\/wp-content\/uploads\/2026\/01\/cafe_bar_neon_tabela-6-1.webp\" alt=\"\" class=\"wp-image-569\" title=\"Paslanmaz Tabela 9\" srcset=\"http:\/\/akreklam.com\/wp-content\/uploads\/2026\/01\/cafe_bar_neon_tabela-6-1.webp 720w, http:\/\/akreklam.com\/wp-content\/uploads\/2026\/01\/cafe_bar_neon_tabela-6-1-300x289.webp 300w\" sizes=\"auto, (max-width: 720px) 100vw, 720px\" \/><button\n\t\t\tclass=\"lightbox-trigger\"\n\t\t\ttype=\"button\"\n\t\t\taria-haspopup=\"dialog\"\n\t\t\taria-label=\"B\u00fcy\u00fct\"\n\t\t\tdata-wp-init=\"callbacks.initTriggerButton\"\n\t\t\tdata-wp-on-async--click=\"actions.showLightbox\"\n\t\t\tdata-wp-style--right=\"state.imageButtonRight\"\n\t\t\tdata-wp-style--top=\"state.imageButtonTop\"\n\t\t>\n\t\t\t<svg xmlns=\"http:\/\/www.w3.org\/2000\/svg\" width=\"12\" height=\"12\" fill=\"none\" viewBox=\"0 0 12 12\">\n\t\t\t\t<path fill=\"#fff\" d=\"M2 0a2 2 0 0 0-2 2v2h1.5V2a.5.5 0 0 1 .5-.5h2V0H2Zm2 10.5H2a.5.5 0 0 1-.5-.5V8H0v2a2 2 0 0 0 2 2h2v-1.5ZM8 12v-1.5h2a.5.5 0 0 0 .5-.5V8H12v2a2 2 0 0 1-2 2H8Zm2-12a2 2 0 0 1 2 2v2h-1.5V2a.5.5 0 0 0-.5-.5H8V0h2Z\" \/>\n\t\t\t<\/svg>\n\t\t<\/button><\/figure>\n\n\n\n<figure data-wp-context=\"{&quot;imageId&quot;:&quot;69f9a861d729a&quot;}\" data-wp-interactive=\"core\/image\" class=\"wp-block-image size-full wp-lightbox-container\"><img loading=\"lazy\" decoding=\"async\" width=\"720\" height=\"576\" data-wp-class--hide=\"state.isContentHidden\" data-wp-class--show=\"state.isContentVisible\" data-wp-init=\"callbacks.setButtonStyles\" data-wp-on-async--click=\"actions.showLightbox\" data-wp-on-async--load=\"callbacks.setButtonStyles\" data-wp-on-async-window--resize=\"callbacks.setButtonStyles\" data-id=\"568\" src=\"http:\/\/akreklam.com\/wp-content\/uploads\/2026\/01\/WhatsApp-Image-2022-03-05-at-18.39.17-2.webp\" alt=\"\" class=\"wp-image-568\" title=\"Paslanmaz Tabela 12\" srcset=\"http:\/\/akreklam.com\/wp-content\/uploads\/2026\/01\/WhatsApp-Image-2022-03-05-at-18.39.17-2.webp 720w, http:\/\/akreklam.com\/wp-content\/uploads\/2026\/01\/WhatsApp-Image-2022-03-05-at-18.39.17-2-300x240.webp 300w\" sizes=\"auto, (max-width: 720px) 100vw, 720px\" \/><button\n\t\t\tclass=\"lightbox-trigger\"\n\t\t\ttype=\"button\"\n\t\t\taria-haspopup=\"dialog\"\n\t\t\taria-label=\"B\u00fcy\u00fct\"\n\t\t\tdata-wp-init=\"callbacks.initTriggerButton\"\n\t\t\tdata-wp-on-async--click=\"actions.showLightbox\"\n\t\t\tdata-wp-style--right=\"state.imageButtonRight\"\n\t\t\tdata-wp-style--top=\"state.imageButtonTop\"\n\t\t>\n\t\t\t<svg xmlns=\"http:\/\/www.w3.org\/2000\/svg\" width=\"12\" height=\"12\" fill=\"none\" viewBox=\"0 0 12 12\">\n\t\t\t\t<path fill=\"#fff\" d=\"M2 0a2 2 0 0 0-2 2v2h1.5V2a.5.5 0 0 1 .5-.5h2V0H2Zm2 10.5H2a.5.5 0 0 1-.5-.5V8H0v2a2 2 0 0 0 2 2h2v-1.5ZM8 12v-1.5h2a.5.5 0 0 0 .5-.5V8H12v2a2 2 0 0 1-2 2H8Zm2-12a2 2 0 0 1 2 2v2h-1.5V2a.5.5 0 0 0-.5-.5H8V0h2Z\" \/>\n\t\t\t<\/svg>\n\t\t<\/button><\/figure>\n<\/figure>\n\n\n\n<h3 class=\"wp-block-heading\">Paslanmaz Krom Tabela Fiyatlar\u0131&nbsp;<\/h3>\n\n\n\n<p>Paslanmaz tabela fiyatlar\u0131 tercih edilecek malzemeye, istenen tasar\u0131ma ve malzeme kalitesine g\u00f6re farkl\u0131l\u0131k g\u00f6sterebilmektedir. Bu sebeple paslanmaz krom tabela fiyatlar\u0131n\u0131 bir standarda oturtmak m\u00fcmk\u00fcn olmamaktad\u0131r. <\/p>\n\n\n\n<p><\/p>\n","protected":false},"excerpt":{"rendered":"<p>Neon tabela\u00a0tasar\u0131m\u0131, etkileyici duru\u015f i\u00e7in \u00f6zenli bir \u00e7al\u0131\u015fma gerektirmektedir. Neon tabela Ustalar\u0131n hayallerini ger\u00e7ekle\u015ftirebilmesi i\u00e7in \u00f6zel ve kaliteli \u00fcr\u00fcn kullan\u0131m\u0131na odaklan\u0131l\u0131r. \u0130\u00e7erik ba\u015fl\u0131klar\u0131n\u0131 buradan kolayca inceleyiniz. Paslanmaz Krom Tabela Nedir? Bilinirli\u011fini art\u0131rmak isteyen pek \u00e7ok firma, markas\u0131n\u0131n daha dikkat \u00e7ekici olmas\u0131 i\u00e7in tabelalar\u0131 tercih etmektedir. G\u00fcn\u00fcm\u00fczde sa\u011flam olu\u015fu ve modern g\u00f6r\u00fcn\u00fc\u015f\u00fcyle albenisini art\u0131ran paslanmaz model [&hellip;]<\/p>\n","protected":false},"author":1,"featured_media":0,"parent":0,"menu_order":0,"comment_status":"closed","ping_status":"closed","template":"","meta":{"footnotes":""},"class_list":["post-441","page","type-page","status-publish","hentry"],"_links":{"self":[{"href":"http:\/\/akreklam.com\/index.php\/wp-json\/wp\/v2\/pages\/441","targetHints":{"allow":["GET"]}}],"collection":[{"href":"http:\/\/akreklam.com\/index.php\/wp-json\/wp\/v2\/pages"}],"about":[{"href":"http:\/\/akreklam.com\/index.php\/wp-json\/wp\/v2\/types\/page"}],"author":[{"embeddable":true,"href":"http:\/\/akreklam.com\/index.php\/wp-json\/wp\/v2\/users\/1"}],"replies":[{"embeddable":true,"href":"http:\/\/akreklam.com\/index.php\/wp-json\/wp\/v2\/comments?post=441"}],"version-history":[{"count":13,"href":"http:\/\/akreklam.com\/index.php\/wp-json\/wp\/v2\/pages\/441\/revisions"}],"predecessor-version":[{"id":580,"href":"http:\/\/akreklam.com\/index.php\/wp-json\/wp\/v2\/pages\/441\/revisions\/580"}],"wp:attachment":[{"href":"http:\/\/akreklam.com\/index.php\/wp-json\/wp\/v2\/media?parent=441"}],"curies":[{"name":"wp","href":"https:\/\/api.w.org\/{rel}","templated":true}]}}