{"id":439,"date":"2025-11-27T21:29:34","date_gmt":"2025-11-27T18:29:34","guid":{"rendered":"https:\/\/akreklam.com\/?page_id=439"},"modified":"2026-01-18T23:19:46","modified_gmt":"2026-01-18T20:19:46","slug":"kayan-yazi-tabela","status":"publish","type":"page","link":"http:\/\/akreklam.com\/index.php\/kayan-yazi-tabela\/","title":{"rendered":"Kayan Yaz\u0131 Tabela"},"content":{"rendered":"\n<figure class=\"wp-block-image size-full\"><img loading=\"lazy\" decoding=\"async\" width=\"919\" height=\"516\" src=\"https:\/\/akreklam.com\/wp-content\/uploads\/2026\/01\/kayanyazitabela-1.jpg\" alt=\"\" class=\"wp-image-585\" srcset=\"http:\/\/akreklam.com\/wp-content\/uploads\/2026\/01\/kayanyazitabela-1.jpg 919w, http:\/\/akreklam.com\/wp-content\/uploads\/2026\/01\/kayanyazitabela-1-300x168.jpg 300w, http:\/\/akreklam.com\/wp-content\/uploads\/2026\/01\/kayanyazitabela-1-768x431.jpg 768w\" sizes=\"auto, (max-width: 919px) 100vw, 919px\" \/><\/figure>\n\n\n\n<p>Kayan Yaz\u0131 Tabela, d\u0131\u015f ortamlarda rahatl\u0131kla kullana bilirsiniz. \u00dcr\u00fcn 1. s\u0131n\u0131f kaliteli malzemeden yap\u0131lmakta ve 2. y\u0131l garantisi bulunmaktad\u0131r. \u0130ste\u011fe g\u00f6re tek tarafl\u0131 ve \u00e7ift tarafl\u0131 yap\u0131la bilme imkan\u0131 vard\u0131r. (K\u0131rm\u0131z\u0131, Beyaz, Mavi, Ye\u015fil, Sar\u0131) renkleri ile ayarlanabilir, a\u015fa\u011f\u0131daki varyant sisteminden rengini se\u00e7ebilirsiniz. \u00dcr\u00fcn stoktan max 3 g\u00fcn kargo yap\u0131lmakta ve adresinize teslim edilmektedir.<\/p>\n\n\n\n<p>Led Tabela Renk Se\u00e7imi :<\/p>\n\n\n\n<ul class=\"wp-block-list\">\n<li><a href=\"https:\/\/www.powerreklam.com\/eczane-tabelasi\/#Eczane_Tabelasi_Yonetmeligi\">K\u0131rm\u0131z\u0131<\/a><\/li>\n\n\n\n<li><a href=\"https:\/\/www.powerreklam.com\/eczane-tabelasi\/#Eczane_Tabela_Fiyatlari\">Beyaz<\/a><\/li>\n\n\n\n<li>Ye\u015fil<\/li>\n\n\n\n<li>Mavi<\/li>\n\n\n\n<li>Sar\u0131<\/li>\n\n\n\n<li>RGB<\/li>\n<\/ul>\n\n\n\n<h2 class=\"wp-block-heading\"><strong>Kayan yaz\u0131 sistemleri sayesinde i\u015f yerleriniz daha kolay fark edilecek.<\/strong><\/h2>\n\n\n\n<p>Kayan yaz\u0131 tabela sistemleri , di\u011fer al\u0131\u015f\u0131lagelmi\u015f reklam malzemeleri yan\u0131nda \u00e7ok daha etkili ve uzun \u00f6m\u00fcrl\u00fcd\u00fcr. Kayan yaz\u0131\u2019da kullan\u0131lan led hem de\u011fi\u015fik renklerde \u0131\u015f\u0131k verebilmesi , hem de parlak-s\u0131cak g\u00f6r\u00fcn\u00fcm\u00fc sayesinde \u00e7ok ilgi \u00e7ekicidir. Kayan yaz\u0131 reklam maliyetleri \u00e7ok d\u00fc\u015f\u00fckt\u00fcr.<\/p>\n\n\n<div class=\"wp-block-image\">\n<figure class=\"aligncenter size-large\"><img loading=\"lazy\" decoding=\"async\" width=\"1024\" height=\"151\" src=\"https:\/\/akreklam.com\/wp-content\/uploads\/2026\/01\/kayanyazitabela1-1024x151.jpg\" alt=\"\" class=\"wp-image-588\" title=\"eczane tabelas\u0131\" srcset=\"http:\/\/akreklam.com\/wp-content\/uploads\/2026\/01\/kayanyazitabela1-1024x151.jpg 1024w, http:\/\/akreklam.com\/wp-content\/uploads\/2026\/01\/kayanyazitabela1-300x44.jpg 300w, http:\/\/akreklam.com\/wp-content\/uploads\/2026\/01\/kayanyazitabela1-768x113.jpg 768w, http:\/\/akreklam.com\/wp-content\/uploads\/2026\/01\/kayanyazitabela1.jpg 1050w\" sizes=\"auto, (max-width: 1024px) 100vw, 1024px\" \/><\/figure><\/div>\n\n\n<ul class=\"wp-block-list\">\n<li>Kayan yaz\u0131 \u00e7a\u011f\u0131m\u0131z\u0131n modern ve teknolojik reklam sistemidir.<\/li>\n\n\n\n<li>Reklam maliyeti \u00e7ok d\u00fc\u015f\u00fckt\u00fcr ve g\u00f6rsel olarak \u00e7ok etkilidir.<\/li>\n\n\n\n<li>B\u00fct\u00fcn \u00fcr\u00fcnlerinizi tan\u0131t\u0131p kampanyalar\u0131n\u0131z\u0131 m\u00fc\u015fterilerinize duyurabilirsiniz.<\/li>\n\n\n\n<li>Kayan yaz\u0131 , standart tabela sisteminden \u00e7ok farkl\u0131d\u0131r.<\/li>\n\n\n\n<li>Tamamen elektronik devre elemanlar\u0131ndan meydana gelmi\u015ftir.<\/li>\n\n\n\n<li>D\u0131\u015f \u00e7er\u00e7evesi al\u00fcminyum profilden meydana gelmi\u015ftir.<\/li>\n\n\n\n<li>Kayan yaz\u0131 , de\u011fi\u015fik renk ve ebatlarda \u00fcretilmektedir.<\/li>\n<\/ul>\n\n\n\n<div class=\"wp-block-group\"><div class=\"wp-block-group__inner-container is-layout-constrained wp-block-group-is-layout-constrained\">\n<div class=\"wp-block-columns is-layout-flex wp-container-core-columns-is-layout-9d6595d7 wp-block-columns-is-layout-flex\">\n<div class=\"wp-block-column is-layout-flow wp-block-column-is-layout-flow\" style=\"flex-basis:100%\">\n<figure class=\"wp-block-gallery has-nested-images columns-2 is-cropped wp-block-gallery-1 is-layout-flex wp-block-gallery-is-layout-flex\">\n<figure class=\"wp-block-image size-large is-style-default\"><a class=\"cboxElement\" href=\"https:\/\/akreklam.com\/wp-content\/uploads\/2026\/01\/led-tabela-16x224cm-kayan-yazi-1000x1000-1.png\"><img loading=\"lazy\" decoding=\"async\" width=\"1000\" height=\"1000\" data-id=\"593\" src=\"https:\/\/akreklam.com\/wp-content\/uploads\/2026\/01\/led-tabela-16x224cm-kayan-yazi-1000x1000-1.png\" alt=\"\" class=\"wp-image-593\" title=\"Eczane Tabelas\u0131 ve Eczane Tabelas\u0131 Y\u00f6netmeli\u011fi 1\" srcset=\"http:\/\/akreklam.com\/wp-content\/uploads\/2026\/01\/led-tabela-16x224cm-kayan-yazi-1000x1000-1.png 1000w, http:\/\/akreklam.com\/wp-content\/uploads\/2026\/01\/led-tabela-16x224cm-kayan-yazi-1000x1000-1-300x300.png 300w, http:\/\/akreklam.com\/wp-content\/uploads\/2026\/01\/led-tabela-16x224cm-kayan-yazi-1000x1000-1-150x150.png 150w, http:\/\/akreklam.com\/wp-content\/uploads\/2026\/01\/led-tabela-16x224cm-kayan-yazi-1000x1000-1-768x768.png 768w\" sizes=\"auto, (max-width: 1000px) 100vw, 1000px\" \/><\/a><\/figure>\n\n\n\n<figure class=\"wp-block-image size-large\"><a class=\"cboxElement\" href=\"https:\/\/akreklam.com\/wp-content\/uploads\/2026\/01\/led-tabela-16x224cm-kayan-yazi-1000x1000-2.png\"><img loading=\"lazy\" decoding=\"async\" width=\"1000\" height=\"1000\" data-id=\"597\" src=\"https:\/\/akreklam.com\/wp-content\/uploads\/2026\/01\/led-tabela-16x224cm-kayan-yazi-1000x1000-2.png\" alt=\"\" class=\"wp-image-597\" title=\"Eczane Tabelas\u0131 ve Eczane Tabelas\u0131 Y\u00f6netmeli\u011fi 2\" srcset=\"http:\/\/akreklam.com\/wp-content\/uploads\/2026\/01\/led-tabela-16x224cm-kayan-yazi-1000x1000-2.png 1000w, http:\/\/akreklam.com\/wp-content\/uploads\/2026\/01\/led-tabela-16x224cm-kayan-yazi-1000x1000-2-300x300.png 300w, http:\/\/akreklam.com\/wp-content\/uploads\/2026\/01\/led-tabela-16x224cm-kayan-yazi-1000x1000-2-150x150.png 150w, http:\/\/akreklam.com\/wp-content\/uploads\/2026\/01\/led-tabela-16x224cm-kayan-yazi-1000x1000-2-768x768.png 768w\" sizes=\"auto, (max-width: 1000px) 100vw, 1000px\" \/><\/a><\/figure>\n<\/figure>\n<\/div>\n<\/div>\n<\/div><\/div>\n\n\n\n<p><\/p>\n","protected":false},"excerpt":{"rendered":"<p>Kayan Yaz\u0131 Tabela, d\u0131\u015f ortamlarda rahatl\u0131kla kullana bilirsiniz. \u00dcr\u00fcn 1. s\u0131n\u0131f kaliteli malzemeden yap\u0131lmakta ve 2. y\u0131l garantisi bulunmaktad\u0131r. \u0130ste\u011fe g\u00f6re tek tarafl\u0131 ve \u00e7ift tarafl\u0131 yap\u0131la bilme imkan\u0131 vard\u0131r. (K\u0131rm\u0131z\u0131, Beyaz, Mavi, Ye\u015fil, Sar\u0131) renkleri ile ayarlanabilir, a\u015fa\u011f\u0131daki varyant sisteminden rengini se\u00e7ebilirsiniz. \u00dcr\u00fcn stoktan max 3 g\u00fcn kargo yap\u0131lmakta ve adresinize teslim edilmektedir. Led [&hellip;]<\/p>\n","protected":false},"author":1,"featured_media":584,"parent":0,"menu_order":0,"comment_status":"closed","ping_status":"closed","template":"","meta":{"footnotes":""},"class_list":["post-439","page","type-page","status-publish","has-post-thumbnail","hentry"],"_links":{"self":[{"href":"http:\/\/akreklam.com\/index.php\/wp-json\/wp\/v2\/pages\/439","targetHints":{"allow":["GET"]}}],"collection":[{"href":"http:\/\/akreklam.com\/index.php\/wp-json\/wp\/v2\/pages"}],"about":[{"href":"http:\/\/akreklam.com\/index.php\/wp-json\/wp\/v2\/types\/page"}],"author":[{"embeddable":true,"href":"http:\/\/akreklam.com\/index.php\/wp-json\/wp\/v2\/users\/1"}],"replies":[{"embeddable":true,"href":"http:\/\/akreklam.com\/index.php\/wp-json\/wp\/v2\/comments?post=439"}],"version-history":[{"count":13,"href":"http:\/\/akreklam.com\/index.php\/wp-json\/wp\/v2\/pages\/439\/revisions"}],"predecessor-version":[{"id":606,"href":"http:\/\/akreklam.com\/index.php\/wp-json\/wp\/v2\/pages\/439\/revisions\/606"}],"wp:featuredmedia":[{"embeddable":true,"href":"http:\/\/akreklam.com\/index.php\/wp-json\/wp\/v2\/media\/584"}],"wp:attachment":[{"href":"http:\/\/akreklam.com\/index.php\/wp-json\/wp\/v2\/media?parent=439"}],"curies":[{"name":"wp","href":"https:\/\/api.w.org\/{rel}","templated":true}]}}